{"id":29327,"date":"2022-04-24T16:15:04","date_gmt":"2022-04-24T14:15:04","guid":{"rendered":"https:\/\/nautilus-international.ch\/?page_id=29327"},"modified":"2022-07-01T15:22:00","modified_gmt":"2022-07-01T13:22:00","slug":"impressum","status":"publish","type":"page","link":"https:\/\/nautilus-international.ch\/en\/impressum\/","title":{"rendered":"Imprint"},"content":{"rendered":"<div id=\"fws_69deec955e4dc\"  data-column-margin=\"none\" data-midnight=\"dark\"  class=\"wpb_row vc_row-fluid vc_row\"  style=\"padding-top: 0px; padding-bottom: 0px; \"><div class=\"row-bg-wrap\" data-bg-animation=\"none\" data-bg-overlay=\"false\"><div class=\"inner-wrap\"><div class=\"row-bg viewport-desktop\"  style=\"\"><\/div><\/div><\/div><div class=\"row_col_wrap_12 col span_12 dark left\">\n\t<div  class=\"vc_col-sm-12 wpb_column column_container vc_column_container col no-extra-padding inherit_tablet inherit_phone\"  data-padding-pos=\"all\" data-has-bg-color=\"false\" data-bg-color=\"\" data-bg-opacity=\"1\" data-animation=\"\" data-delay=\"0\" >\n\t\t<div class=\"vc_column-inner\" >\n\t\t\t<div class=\"wpb_wrapper\">\n\t\t\t\t<div class=\"divider-wrap height_phone_75px\" data-alignment=\"default\"><div style=\"height: 75px;\" class=\"divider\"><\/div><\/div><div id=\"fws_69deec955efc1\" data-midnight=\"\" data-column-margin=\"default\" class=\"wpb_row vc_row-fluid vc_row inner_row\"  style=\"\"><div class=\"row-bg-wrap\"> <div class=\"row-bg\" ><\/div> <\/div><div class=\"row_col_wrap_12_inner col span_12  left\">\n\t<div  class=\"vc_col-sm-2 wpb_column column_container vc_column_container col child_column no-extra-padding inherit_tablet inherit_phone\"   data-padding-pos=\"all\" data-has-bg-color=\"false\" data-bg-color=\"\" data-bg-opacity=\"1\" data-animation=\"\" data-delay=\"0\" >\n\t\t<div class=\"vc_column-inner\" >\n\t\t<div class=\"wpb_wrapper\">\n\t\t\t\n\t\t<\/div> \n\t<\/div>\n\t<\/div> \n\n\t<div  class=\"vc_col-sm-8 wpb_column column_container vc_column_container col child_column no-extra-padding inherit_tablet inherit_phone\"   data-padding-pos=\"all\" data-has-bg-color=\"false\" data-bg-color=\"\" data-bg-opacity=\"1\" data-animation=\"\" data-delay=\"0\" >\n\t\t<div class=\"vc_column-inner\" >\n\t\t<div class=\"wpb_wrapper\">\n\t\t\t\n<div class=\"wpb_text_column wpb_content_element\" >\n\t<div class=\"wpb_wrapper\">\n\t\t<h1>Imprint<\/h1>\n\t<\/div>\n<\/div>\n\n\n\n<div class=\"divider-wrap\" data-alignment=\"default\"><div style=\"height: 50px;\" class=\"divider\"><\/div><\/div>\n<div class=\"wpb_text_column wpb_content_element\" >\n\t<div class=\"wpb_wrapper\">\n\t\t<h3>Contact address<\/h3>\n<p>Nautilus International LLC<br \/>\nAdetswilerstrasse 6<br \/>\n8344 B\u00e4retswil<br \/>\nSwitzerland<\/p>\n<p>E-Mail:<br \/>\ninfo@nautilus-international.ch<\/p>\n<h3>Authorised representative(s)<\/h3>\n<p>Leon Lohrer, Managing Director<br \/>\nJan Stahel, Managing Director<\/p>\n<h3>Commercial register entry<\/h3>\n<p>Registered company name:<br \/>\n<strong>Nautilus International LLC<\/strong><\/p>\n<p>Company no. (UID):<br \/>\n<strong>CHE-240.199.452<\/strong><\/p>\n<p>Value added tax number<br \/>\n<strong>CHE-240.199.452 VAT<\/strong><\/p>\n<h3>Disclaimer<\/h3>\n<p>The author assumes no liability whatsoever with regard to the correctness, accuracy, up-to-dateness, reliability and completeness of the information.<\/p>\n<p>Liability claims regarding damage caused by the use of any information provided, including any kind of information which is incomplete or incorrect,will therefore be rejected.<\/p>\n<p>All offers are non-binding. The author expressly reserves the right to change, supplement or delete parts of the pages or the entire offer without special notice or to discontinue publication temporarily or permanently.<\/p>\n<h3>Disclaimer for links<\/h3>\n<p>References and links to third party websites are outside our area of responsibility. We do not accept any responsibility for such websites. Access to and use of such websites is at the user's own risk.<\/p>\n<h3>Copyright<\/h3>\n<p>The copyright and all other rights to the content, images, photos or other files on this website belong exclusively\u00a0<strong>to the company Nautilus International LLC<\/strong>\u00a0or to the specifically named rights holders. The written consent of the copyright holder must be obtained in advance for the reproduction of any elements.<\/p>\n<p>Rechteinhaber der Fotos der Nautilus Ergo: Klaus Hoffmann (<a href=\"https:\/\/www.hoffmannsbilder.ch\">www.hoffmannsbilder.ch<\/a>)<\/p>\n<p>Source:\u00a0<a href=\"https:\/\/www.swissanwalt.ch\/\">SwissAnwalt<\/a><\/p>\n\t<\/div>\n<\/div>\n\n\n\n\n\t\t<\/div> \n\t<\/div>\n\t<\/div> \n\n\t<div  class=\"vc_col-sm-2 wpb_column column_container vc_column_container col child_column no-extra-padding inherit_tablet inherit_phone\"   data-padding-pos=\"all\" data-has-bg-color=\"false\" data-bg-color=\"\" data-bg-opacity=\"1\" data-animation=\"\" data-delay=\"0\" >\n\t\t<div class=\"vc_column-inner\" >\n\t\t<div class=\"wpb_wrapper\">\n\t\t\t\n\t\t<\/div> \n\t<\/div>\n\t<\/div> \n<\/div><\/div><div class=\"divider-wrap height_phone_75px\" data-alignment=\"default\"><div style=\"height: 75px;\" class=\"divider\"><\/div><\/div>\n\t\t\t<\/div> \n\t\t<\/div>\n\t<\/div> \n<\/div><\/div>","protected":false},"excerpt":{"rendered":"Impressum Kontakt-Adresse Nautilus International GmbH Adetswilerstrasse 6 8344 B\u00e4retswil Schweiz E-Mail: info@nautilus-international.ch Vertretungsberechtigte Person(en) Leon Lohrer, Gesch\u00e4ftsf\u00fchrer Jan Stahel, Gesch\u00e4ftsf\u00fchrer Handelsregister-Eintrag Eingetragener Firmenname: Nautilus International GmbH Unternehmens-Nr (UID): CHE-240.199.452 Mehrwertsteuer-Nummer...","protected":false},"author":1,"featured_media":0,"parent":0,"menu_order":0,"comment_status":"closed","ping_status":"closed","template":"","meta":{"footnotes":""},"class_list":["post-29327","page","type-page","status-publish"],"yoast_head":"<!-- This site is optimized with the Yoast SEO plugin v18.7 - https:\/\/yoast.com\/wordpress\/plugins\/seo\/ -->\n<title>Impressum - Nautilus International<\/title>\n<meta name=\"robots\" content=\"index, follow, max-snippet:-1, max-image-preview:large, max-video-preview:-1\" \/>\n<link rel=\"canonical\" href=\"https:\/\/nautilus-international.ch\/en\/impressum\/\" \/>\n<meta property=\"og:locale\" content=\"en_US\" \/>\n<meta property=\"og:type\" content=\"article\" \/>\n<meta property=\"og:title\" content=\"Impressum - Nautilus International\" \/>\n<meta property=\"og:url\" content=\"https:\/\/nautilus-international.ch\/en\/impressum\/\" \/>\n<meta property=\"og:site_name\" content=\"Nautilus International\" \/>\n<meta property=\"article:modified_time\" content=\"2022-07-01T13:22:00+00:00\" \/>\n<meta name=\"twitter:card\" content=\"summary_large_image\" \/>\n<meta name=\"twitter:label1\" content=\"Est. reading time\" \/>\n\t<meta name=\"twitter:data1\" content=\"3 minutes\" \/>\n<script type=\"application\/ld+json\" class=\"yoast-schema-graph\">{\"@context\":\"https:\/\/schema.org\",\"@graph\":[{\"@type\":\"Organization\",\"@id\":\"https:\/\/nautilus-international.ch\/#organization\",\"name\":\"Nautilus International\",\"url\":\"https:\/\/nautilus-international.ch\/\",\"sameAs\":[],\"logo\":{\"@type\":\"ImageObject\",\"inLanguage\":\"en-US\",\"@id\":\"https:\/\/nautilus-international.ch\/#\/schema\/logo\/image\/\",\"url\":\"https:\/\/nautilus-international.ch\/wp-content\/uploads\/2022\/02\/logo-nautilus-international-schwarz-1.png\",\"contentUrl\":\"https:\/\/nautilus-international.ch\/wp-content\/uploads\/2022\/02\/logo-nautilus-international-schwarz-1.png\",\"width\":750,\"height\":289,\"caption\":\"Nautilus International\"},\"image\":{\"@id\":\"https:\/\/nautilus-international.ch\/#\/schema\/logo\/image\/\"}},{\"@type\":\"WebSite\",\"@id\":\"https:\/\/nautilus-international.ch\/#website\",\"url\":\"https:\/\/nautilus-international.ch\/\",\"name\":\"Nautilus International\",\"description\":\"Holzbadewannen aus der Schweiz\",\"publisher\":{\"@id\":\"https:\/\/nautilus-international.ch\/#organization\"},\"potentialAction\":[{\"@type\":\"SearchAction\",\"target\":{\"@type\":\"EntryPoint\",\"urlTemplate\":\"https:\/\/nautilus-international.ch\/?s={search_term_string}\"},\"query-input\":\"required name=search_term_string\"}],\"inLanguage\":\"en-US\"},{\"@type\":\"WebPage\",\"@id\":\"https:\/\/nautilus-international.ch\/impressum\/#webpage\",\"url\":\"https:\/\/nautilus-international.ch\/impressum\/\",\"name\":\"Impressum - Nautilus International\",\"isPartOf\":{\"@id\":\"https:\/\/nautilus-international.ch\/#website\"},\"datePublished\":\"2022-04-24T14:15:04+00:00\",\"dateModified\":\"2022-07-01T13:22:00+00:00\",\"breadcrumb\":{\"@id\":\"https:\/\/nautilus-international.ch\/impressum\/#breadcrumb\"},\"inLanguage\":\"en-US\",\"potentialAction\":[{\"@type\":\"ReadAction\",\"target\":[\"https:\/\/nautilus-international.ch\/impressum\/\"]}]},{\"@type\":\"BreadcrumbList\",\"@id\":\"https:\/\/nautilus-international.ch\/impressum\/#breadcrumb\",\"itemListElement\":[{\"@type\":\"ListItem\",\"position\":1,\"name\":\"Startseite\",\"item\":\"https:\/\/nautilus-international.ch\/\"},{\"@type\":\"ListItem\",\"position\":2,\"name\":\"Impressum\"}]}]}<\/script>\n<!-- \/ Yoast SEO plugin. -->","yoast_head_json":{"title":"Impressum - Nautilus International","robots":{"index":"index","follow":"follow","max-snippet":"max-snippet:-1","max-image-preview":"max-image-preview:large","max-video-preview":"max-video-preview:-1"},"canonical":"https:\/\/nautilus-international.ch\/en\/impressum\/","og_locale":"en_US","og_type":"article","og_title":"Impressum - Nautilus International","og_url":"https:\/\/nautilus-international.ch\/en\/impressum\/","og_site_name":"Nautilus International","article_modified_time":"2022-07-01T13:22:00+00:00","twitter_card":"summary_large_image","twitter_misc":{"Est. reading time":"3 minutes"},"schema":{"@context":"https:\/\/schema.org","@graph":[{"@type":"Organization","@id":"https:\/\/nautilus-international.ch\/#organization","name":"Nautilus International","url":"https:\/\/nautilus-international.ch\/","sameAs":[],"logo":{"@type":"ImageObject","inLanguage":"en-US","@id":"https:\/\/nautilus-international.ch\/#\/schema\/logo\/image\/","url":"https:\/\/nautilus-international.ch\/wp-content\/uploads\/2022\/02\/logo-nautilus-international-schwarz-1.png","contentUrl":"https:\/\/nautilus-international.ch\/wp-content\/uploads\/2022\/02\/logo-nautilus-international-schwarz-1.png","width":750,"height":289,"caption":"Nautilus International"},"image":{"@id":"https:\/\/nautilus-international.ch\/#\/schema\/logo\/image\/"}},{"@type":"WebSite","@id":"https:\/\/nautilus-international.ch\/#website","url":"https:\/\/nautilus-international.ch\/","name":"Nautilus International","description":"Holzbadewannen aus der Schweiz","publisher":{"@id":"https:\/\/nautilus-international.ch\/#organization"},"potentialAction":[{"@type":"SearchAction","target":{"@type":"EntryPoint","urlTemplate":"https:\/\/nautilus-international.ch\/?s={search_term_string}"},"query-input":"required name=search_term_string"}],"inLanguage":"en-US"},{"@type":"WebPage","@id":"https:\/\/nautilus-international.ch\/impressum\/#webpage","url":"https:\/\/nautilus-international.ch\/impressum\/","name":"Impressum - Nautilus International","isPartOf":{"@id":"https:\/\/nautilus-international.ch\/#website"},"datePublished":"2022-04-24T14:15:04+00:00","dateModified":"2022-07-01T13:22:00+00:00","breadcrumb":{"@id":"https:\/\/nautilus-international.ch\/impressum\/#breadcrumb"},"inLanguage":"en-US","potentialAction":[{"@type":"ReadAction","target":["https:\/\/nautilus-international.ch\/impressum\/"]}]},{"@type":"BreadcrumbList","@id":"https:\/\/nautilus-international.ch\/impressum\/#breadcrumb","itemListElement":[{"@type":"ListItem","position":1,"name":"Startseite","item":"https:\/\/nautilus-international.ch\/"},{"@type":"ListItem","position":2,"name":"Impressum"}]}]}},"_links":{"self":[{"href":"https:\/\/nautilus-international.ch\/en\/wp-json\/wp\/v2\/pages\/29327","targetHints":{"allow":["GET"]}}],"collection":[{"href":"https:\/\/nautilus-international.ch\/en\/wp-json\/wp\/v2\/pages"}],"about":[{"href":"https:\/\/nautilus-international.ch\/en\/wp-json\/wp\/v2\/types\/page"}],"author":[{"embeddable":true,"href":"https:\/\/nautilus-international.ch\/en\/wp-json\/wp\/v2\/users\/1"}],"replies":[{"embeddable":true,"href":"https:\/\/nautilus-international.ch\/en\/wp-json\/wp\/v2\/comments?post=29327"}],"version-history":[{"count":5,"href":"https:\/\/nautilus-international.ch\/en\/wp-json\/wp\/v2\/pages\/29327\/revisions"}],"predecessor-version":[{"id":29346,"href":"https:\/\/nautilus-international.ch\/en\/wp-json\/wp\/v2\/pages\/29327\/revisions\/29346"}],"wp:attachment":[{"href":"https:\/\/nautilus-international.ch\/en\/wp-json\/wp\/v2\/media?parent=29327"}],"curies":[{"name":"wp","href":"https:\/\/api.w.org\/{rel}","templated":true}]}}